{"id":680,"date":"2016-08-03T09:19:50","date_gmt":"2016-08-03T09:19:50","guid":{"rendered":"http:\/\/www.hotelespanalanjaron.es\/en\/actividades\/"},"modified":"2016-08-03T09:19:50","modified_gmt":"2016-08-03T09:19:50","slug":"actividades","status":"publish","type":"page","link":"https:\/\/www.hotelespanalanjaron.es\/en\/actividades\/","title":{"rendered":"Actividades"},"content":{"rendered":"<h1>Actividades<\/h1>\n<h2>Actividades en nuestro hotel<\/h2>\n<p>Hotel en Lanjar\u00f3n (Granada &#8211; Espa\u00f1a) Iciatem inum et porit rerruptatur aut ea dolenit omnim doluption pa ius sitates suntiamus, totassi re voloribus a delligenit re quiaeped mincilitatur simin res sin consecu scillabo. Usa quam fuga. Iscidusandae simil ipsus, siti Pit dolesed iciisciis exerion sequidus simolupta essitatem voloreptaqui ium, cus diciatur?<\/p>\n<div class=\"row\"><\/div>\n<p>&nbsp;<\/p>\n<h2>Actividades en Lanjar\u00f3n<\/h2>\n<p>Iciatem inum et porit rerruptatur aut ea dolenit omnim doluption pa ius sitates suntiamus, totassi re voloribus a delligenit re quiaeped mincilitatur simin res sin consecu scillabo. Usa quam fuga. Iscidusandae simil ipsus, siti Pit dolesed iciisciis exerion sequidus simolupta essitatem voloreptaqui ium, cus diciatur?<\/p>\n<div class=\"row\"><\/div>\n<p>&nbsp;<\/p>\n<p>&nbsp;<\/p>\n","protected":false},"excerpt":{"rendered":"<p>Actividades Actividades en nuestro hotel Hotel en Lanjar\u00f3n (Granada &#8211; Espa\u00f1a) Iciatem inum et porit rerruptatur aut ea dolenit omnim doluption pa ius sitates suntiamus, totassi re voloribus a delligenit re quiaeped mincilitatur simin res sin consecu scillabo. Usa quam fuga. Iscidusandae simil ipsus, siti Pit dolesed iciisciis exerion sequidus simolupta essitatem voloreptaqui ium, cus [&hellip;]<\/p>\n","protected":false},"author":1,"featured_media":0,"parent":0,"menu_order":0,"comment_status":"closed","ping_status":"closed","template":"","meta":{"footnotes":""},"class_list":["post-680","page","type-page","status-publish","hentry"],"acf":[],"yoast_head":"<!-- This site is optimized with the Yoast SEO plugin v20.6 - https:\/\/yoast.com\/wordpress\/plugins\/seo\/ -->\n<title>Actividades - Hotel Espa\u00f1a Balc\u00f3n de Lorca<\/title>\n<meta name=\"robots\" content=\"index, follow, max-snippet:-1, max-image-preview:large, max-video-preview:-1\" \/>\n<link rel=\"canonical\" href=\"https:\/\/www.hotelespanalanjaron.es\/en\/actividades\/\" \/>\n<meta property=\"og:locale\" content=\"en_US\" \/>\n<meta property=\"og:type\" content=\"article\" \/>\n<meta property=\"og:title\" content=\"Actividades - Hotel Espa\u00f1a Balc\u00f3n de Lorca\" \/>\n<meta property=\"og:description\" content=\"Actividades Actividades en nuestro hotel Hotel en Lanjar\u00f3n (Granada &#8211; Espa\u00f1a) Iciatem inum et porit rerruptatur aut ea dolenit omnim doluption pa ius sitates suntiamus, totassi re voloribus a delligenit re quiaeped mincilitatur simin res sin consecu scillabo. Usa quam fuga. Iscidusandae simil ipsus, siti Pit dolesed iciisciis exerion sequidus simolupta essitatem voloreptaqui ium, cus [&hellip;]\" \/>\n<meta property=\"og:url\" content=\"https:\/\/www.hotelespanalanjaron.es\/en\/actividades\/\" \/>\n<meta property=\"og:site_name\" content=\"Hotel Espa\u00f1a Balc\u00f3n de Lorca\" \/>\n<meta name=\"twitter:card\" content=\"summary_large_image\" \/>\n<meta name=\"twitter:label1\" content=\"Est. reading time\" \/>\n\t<meta name=\"twitter:data1\" content=\"1 minute\" \/>\n<script type=\"application\/ld+json\" class=\"yoast-schema-graph\">{\"@context\":\"https:\/\/schema.org\",\"@graph\":[{\"@type\":\"WebPage\",\"@id\":\"https:\/\/www.hotelespanalanjaron.es\/en\/actividades\/\",\"url\":\"https:\/\/www.hotelespanalanjaron.es\/en\/actividades\/\",\"name\":\"Actividades - Hotel Espa\u00f1a Balc\u00f3n de Lorca\",\"isPartOf\":{\"@id\":\"https:\/\/www.hotelespanalanjaron.es\/#website\"},\"datePublished\":\"2016-08-03T09:19:50+00:00\",\"dateModified\":\"2016-08-03T09:19:50+00:00\",\"breadcrumb\":{\"@id\":\"https:\/\/www.hotelespanalanjaron.es\/en\/actividades\/#breadcrumb\"},\"inLanguage\":\"en-US\",\"potentialAction\":[{\"@type\":\"ReadAction\",\"target\":[\"https:\/\/www.hotelespanalanjaron.es\/en\/actividades\/\"]}]},{\"@type\":\"BreadcrumbList\",\"@id\":\"https:\/\/www.hotelespanalanjaron.es\/en\/actividades\/#breadcrumb\",\"itemListElement\":[{\"@type\":\"ListItem\",\"position\":1,\"name\":\"\",\"item\":\"https:\/\/www.hotelespanalanjaron.es\/en\/\"},{\"@type\":\"ListItem\",\"position\":2,\"name\":\"Actividades\"}]},{\"@type\":\"WebSite\",\"@id\":\"https:\/\/www.hotelespanalanjaron.es\/#website\",\"url\":\"https:\/\/www.hotelespanalanjaron.es\/\",\"name\":\"Hotel Espa\u00f1a Balc\u00f3n de Lorca\",\"description\":\"Hotel y Restaurante en Lanjar\u00f3n (Granada)\",\"potentialAction\":[{\"@type\":\"SearchAction\",\"target\":{\"@type\":\"EntryPoint\",\"urlTemplate\":\"https:\/\/www.hotelespanalanjaron.es\/?s={search_term_string}\"},\"query-input\":\"required name=search_term_string\"}],\"inLanguage\":\"en-US\"}]}<\/script>\n<!-- \/ Yoast SEO plugin. -->","yoast_head_json":{"title":"Actividades - Hotel Espa\u00f1a Balc\u00f3n de Lorca","robots":{"index":"index","follow":"follow","max-snippet":"max-snippet:-1","max-image-preview":"max-image-preview:large","max-video-preview":"max-video-preview:-1"},"canonical":"https:\/\/www.hotelespanalanjaron.es\/en\/actividades\/","og_locale":"en_US","og_type":"article","og_title":"Actividades - Hotel Espa\u00f1a Balc\u00f3n de Lorca","og_description":"Actividades Actividades en nuestro hotel Hotel en Lanjar\u00f3n (Granada &#8211; Espa\u00f1a) Iciatem inum et porit rerruptatur aut ea dolenit omnim doluption pa ius sitates suntiamus, totassi re voloribus a delligenit re quiaeped mincilitatur simin res sin consecu scillabo. Usa quam fuga. Iscidusandae simil ipsus, siti Pit dolesed iciisciis exerion sequidus simolupta essitatem voloreptaqui ium, cus [&hellip;]","og_url":"https:\/\/www.hotelespanalanjaron.es\/en\/actividades\/","og_site_name":"Hotel Espa\u00f1a Balc\u00f3n de Lorca","twitter_card":"summary_large_image","twitter_misc":{"Est. reading time":"1 minute"},"schema":{"@context":"https:\/\/schema.org","@graph":[{"@type":"WebPage","@id":"https:\/\/www.hotelespanalanjaron.es\/en\/actividades\/","url":"https:\/\/www.hotelespanalanjaron.es\/en\/actividades\/","name":"Actividades - Hotel Espa\u00f1a Balc\u00f3n de Lorca","isPartOf":{"@id":"https:\/\/www.hotelespanalanjaron.es\/#website"},"datePublished":"2016-08-03T09:19:50+00:00","dateModified":"2016-08-03T09:19:50+00:00","breadcrumb":{"@id":"https:\/\/www.hotelespanalanjaron.es\/en\/actividades\/#breadcrumb"},"inLanguage":"en-US","potentialAction":[{"@type":"ReadAction","target":["https:\/\/www.hotelespanalanjaron.es\/en\/actividades\/"]}]},{"@type":"BreadcrumbList","@id":"https:\/\/www.hotelespanalanjaron.es\/en\/actividades\/#breadcrumb","itemListElement":[{"@type":"ListItem","position":1,"name":"","item":"https:\/\/www.hotelespanalanjaron.es\/en\/"},{"@type":"ListItem","position":2,"name":"Actividades"}]},{"@type":"WebSite","@id":"https:\/\/www.hotelespanalanjaron.es\/#website","url":"https:\/\/www.hotelespanalanjaron.es\/","name":"Hotel Espa\u00f1a Balc\u00f3n de Lorca","description":"Hotel y Restaurante en Lanjar\u00f3n (Granada)","potentialAction":[{"@type":"SearchAction","target":{"@type":"EntryPoint","urlTemplate":"https:\/\/www.hotelespanalanjaron.es\/?s={search_term_string}"},"query-input":"required name=search_term_string"}],"inLanguage":"en-US"}]}},"_links":{"self":[{"href":"https:\/\/www.hotelespanalanjaron.es\/en\/wp-json\/wp\/v2\/pages\/680","targetHints":{"allow":["GET"]}}],"collection":[{"href":"https:\/\/www.hotelespanalanjaron.es\/en\/wp-json\/wp\/v2\/pages"}],"about":[{"href":"https:\/\/www.hotelespanalanjaron.es\/en\/wp-json\/wp\/v2\/types\/page"}],"author":[{"embeddable":true,"href":"https:\/\/www.hotelespanalanjaron.es\/en\/wp-json\/wp\/v2\/users\/1"}],"replies":[{"embeddable":true,"href":"https:\/\/www.hotelespanalanjaron.es\/en\/wp-json\/wp\/v2\/comments?post=680"}],"version-history":[{"count":0,"href":"https:\/\/www.hotelespanalanjaron.es\/en\/wp-json\/wp\/v2\/pages\/680\/revisions"}],"wp:attachment":[{"href":"https:\/\/www.hotelespanalanjaron.es\/en\/wp-json\/wp\/v2\/media?parent=680"}],"curies":[{"name":"wp","href":"https:\/\/api.w.org\/{rel}","templated":true}]}}