{"id":718,"date":"2016-08-03T09:19:50","date_gmt":"2016-08-03T09:19:50","guid":{"rendered":"http:\/\/www.hotelespanalanjaron.es\/en\/sobre-lanjaron\/"},"modified":"2016-08-03T09:19:50","modified_gmt":"2016-08-03T09:19:50","slug":"sobre-lanjaron","status":"publish","type":"page","link":"https:\/\/www.hotelespanalanjaron.es\/en\/sobre-lanjaron\/","title":{"rendered":"Sobre Lanjar\u00f3n"},"content":{"rendered":"<h1 style=\"text-align: center;\">Conoce Lanjar\u00f3n<\/h1>\n<p><iframe loading=\"lazy\" title=\"Lanjar\u00f3n Turismo -  Presentaci\u00f3n\" width=\"500\" height=\"281\" src=\"https:\/\/www.youtube.com\/embed\/hndJS21E5NQ?feature=oembed\" frameborder=\"0\" allow=\"accelerometer; autoplay; clipboard-write; encrypted-media; gyroscope; picture-in-picture; web-share\" referrerpolicy=\"strict-origin-when-cross-origin\" allowfullscreen><\/iframe><\/p>\n<p>&nbsp;<\/p>\n<h2>Su historia<\/h2>\n<p>En el siglo XII los primeros habitantes del pueblo construyeron sus casas en tres barrios, <strong>Zenete, Azocaque y Aceituno,<\/strong> un <strong>Castillo<\/strong> erigido en un emplazamiento inmejorable y el antiguo <strong>Puente de Tablate,<\/strong> que era el \u00fanico paso existente para llegar a Lanjar\u00f3n y la Alpujarra. Durante siglos la vida de la villa transcurri\u00f3 sin muchos cambios, dedicada a los cultivos de <strong>vi\u00f1as y moreras,<\/strong> estas \u00faltimas debido a la industria de la seda. A esta \u00e9poca se deben la abundancia de <strong>acequias <\/strong>y las terrazas de regad\u00edo <strong>(bancales)<\/strong> que han llegado hasta nuestros d\u00edas y forman parte del paisaje tanto de Lanjar\u00f3n como de toda La Alpujarra.<\/p>\n<p><img loading=\"lazy\" decoding=\"async\" class=\"alignnone size-medium wp-image-601\" src=\"https:\/\/www.hotelespanalanjaron.es\/wp-content\/uploads\/2016\/08\/1-4-760x608.jpg\" alt=\"Conoce Lanjar\u00f3n, en la Alpujarra de Granada\" width=\"760\" height=\"608\" srcset=\"https:\/\/www.hotelespanalanjaron.es\/wp-content\/uploads\/2016\/08\/1-4-760x608.jpg 760w, https:\/\/www.hotelespanalanjaron.es\/wp-content\/uploads\/2016\/08\/1-4-768x614.jpg 768w, https:\/\/www.hotelespanalanjaron.es\/wp-content\/uploads\/2016\/08\/1-4-1200x960.jpg 1200w\" sizes=\"auto, (max-width: 760px) 100vw, 760px\" \/><\/p>\n<p>Con la conquista de Granada por los Reyes Cat\u00f3licos poco a poco todos los pueblos del se fueron rindiendo a los nuevos Se\u00f1ores, y en el caso de Lanjar\u00f3n, ocurri\u00f3 el 7 de Marzo de 1493. Pero los habitantes del pueblo formaron parte desde el principio de las rebeliones y levantamientos moriscos. Qued\u00f3 el pueblo casi desierto unos ochenta a\u00f1os, hasta que siendo rey Felipe II se orden\u00f3 la repoblaci\u00f3n del lugar, y se hicieron venir 50 habitantes de fuera del reino de Granada. Y as\u00ed comenz\u00f3 nuevamente la historia del pueblo. De esta \u00e9poca se conservan el <strong>Barrio Hondillo<\/strong> con sus caracter\u00edsticos <strong>*tinaos.<\/strong><\/p>\n<h2>Sus aguas<\/h2>\n<p>Las bondades para la salud que ofrecen las abundantes fuentes de Lanjar\u00f3n, ya eran conocidas desde \u00e9poca moz\u00e1rabe. Esto dio lugar a la fundaci\u00f3n del Balneario y la posterior construcci\u00f3n del emblem\u00e1tico edificio que a\u00fan se conserva y que data de 1928.\u00a0 Desde finales del siglo XIX hasta la d\u00e9cada de los 70 del s. XX, all\u00ed se congregaban miembros de la nobleza, artistas, e intelectuales, para disfrutar de las aguas medicinales,\u00a0 el buen clima y las glamurosas veladas en la Sala de Fiestas.\u00a0 A partir de los a\u00f1os 60 el tipo de turismo se ampli\u00f3 a familias y j\u00f3venes que buscaban diversi\u00f3n y sobre todo el frescor de las piscinas que proliferaron en esa \u00e9poca.<\/p>\n<p><img loading=\"lazy\" decoding=\"async\" class=\"alignnone size-medium wp-image-603\" src=\"https:\/\/www.hotelespanalanjaron.es\/wp-content\/uploads\/2016\/08\/2-5-760x608.jpg\" alt=\"Conoce Lanjar\u00f3n, en la Alpujarra de Granada\" width=\"760\" height=\"608\" srcset=\"https:\/\/www.hotelespanalanjaron.es\/wp-content\/uploads\/2016\/08\/2-5-760x608.jpg 760w, https:\/\/www.hotelespanalanjaron.es\/wp-content\/uploads\/2016\/08\/2-5-768x614.jpg 768w, https:\/\/www.hotelespanalanjaron.es\/wp-content\/uploads\/2016\/08\/2-5-1200x960.jpg 1200w\" sizes=\"auto, (max-width: 760px) 100vw, 760px\" \/><\/p>\n<p>Es por tanto el agua, el origen y base de esta localidad. Incluso a ella debe su nombre, pues seg\u00fan algunos autores Lanjar\u00f3n significa \u201cManantial de aguas saludables\u201d y seg\u00fan otros \u201cpaisaje modelado por el agua\u201d. Sea cual sea su significado, la realidad es que el agua forma parte de Lanjar\u00f3n en todos sus aspectos. Su nombre, su historia, su verde paisaje, su econom\u00eda, su clima, sus fiestas y tradiciones, todo se lo debe a ella. Pero aun podr\u00eda decirse m\u00e1s, ya que el agua, origen de vida, est\u00e1 enraizada en la cultura popular y en la psicolog\u00eda \u00edntima de cada Lanjaronense, que no concibe la existencia sin su presencia cristalina.<\/p>\n<h2>Sus leyendas y tradiciones<\/h2>\n<p>Como en casi todos los lugares de Espa\u00f1a donde habitaron los musulmanes en la Edad Media, las leyendas y forman parte de la cultura popular m\u00e1s arraigada: Tesoros enterrados, jinetes sin cabeza, campanas que resuenan en la noche\u2026<\/p>\n<p>Lanjar\u00f3n form\u00f3 parte de la llamada \u201cRuta de la Brujeria\u201d y por ello uno de los s\u00edmbolos del pueblo son \u00a0Las Brujas, que sobre todo El d\u00eda de San Juan cobran especial protagonismo y son un elemento indispensable en los carteles de las Fiestas. Otras tradiciones curiosas, tambi\u00e9n tienen lugar la <strong>Noche de San Juan,<\/strong> noche \u201cm\u00e1gica\u201d donde las haya. Como el ritual sanador de \u201cpasar por la mimbre\u201d a los ni\u00f1os que est\u00e1n \u201cquebrados\u201d, es decir herniados, para curarlos. Y sobre todo,\u00a0 la Noche del Agua, en torno a la cual giran las Fiestas de San Juan.<\/p>\n<p><img loading=\"lazy\" decoding=\"async\" class=\"alignnone size-medium wp-image-618\" src=\"https:\/\/www.hotelespanalanjaron.es\/wp-content\/uploads\/2016\/08\/pruebas.hotelespanalanjaron.es_4-760x608.jpg\" alt=\"Paisajes de Lanjar\u00f3n\" width=\"760\" height=\"608\" srcset=\"https:\/\/www.hotelespanalanjaron.es\/wp-content\/uploads\/2016\/08\/pruebas.hotelespanalanjaron.es_4-760x608.jpg 760w, https:\/\/www.hotelespanalanjaron.es\/wp-content\/uploads\/2016\/08\/pruebas.hotelespanalanjaron.es_4-768x614.jpg 768w, https:\/\/www.hotelespanalanjaron.es\/wp-content\/uploads\/2016\/08\/pruebas.hotelespanalanjaron.es_4-1200x960.jpg 1200w\" sizes=\"auto, (max-width: 760px) 100vw, 760px\" \/><\/p>\n<p>Para descubrir todos esos \u201csecretos\u201d, sin duda la mejor opci\u00f3n es conocerlas de primera mano, en el lugar donde tienen su origen y donde a\u00fan siguen vivas.<\/p>\n<h2>Sus recorridos<\/h2>\n<p>Nuestros parques y plazas\u2026<\/p>\n<p><img loading=\"lazy\" decoding=\"async\" class=\"alignnone size-medium wp-image-620\" src=\"https:\/\/www.hotelespanalanjaron.es\/wp-content\/uploads\/2016\/08\/pruebas.hotelespanalanjaron.es_calles-y-parques-760x608.jpg\" alt=\"Calles y Parques Lanjar\u00f3n\" width=\"760\" height=\"608\" srcset=\"https:\/\/www.hotelespanalanjaron.es\/wp-content\/uploads\/2016\/08\/pruebas.hotelespanalanjaron.es_calles-y-parques-760x608.jpg 760w, https:\/\/www.hotelespanalanjaron.es\/wp-content\/uploads\/2016\/08\/pruebas.hotelespanalanjaron.es_calles-y-parques-768x614.jpg 768w, https:\/\/www.hotelespanalanjaron.es\/wp-content\/uploads\/2016\/08\/pruebas.hotelespanalanjaron.es_calles-y-parques-1200x960.jpg 1200w\" sizes=\"auto, (max-width: 760px) 100vw, 760px\" \/><\/p>\n<p>&nbsp;<\/p>\n<p>Nuestros museos y monumentos\u2026<\/p>\n<p><img loading=\"lazy\" decoding=\"async\" class=\"alignnone size-medium wp-image-622\" src=\"https:\/\/www.hotelespanalanjaron.es\/wp-content\/uploads\/2016\/08\/pruebas.hotelespanalanjaron.es_museos-y-monumentos-760x608.jpg\" alt=\"Museos y Monumentos Lanjar\u00f3n\" width=\"760\" height=\"608\" srcset=\"https:\/\/www.hotelespanalanjaron.es\/wp-content\/uploads\/2016\/08\/pruebas.hotelespanalanjaron.es_museos-y-monumentos-760x608.jpg 760w, https:\/\/www.hotelespanalanjaron.es\/wp-content\/uploads\/2016\/08\/pruebas.hotelespanalanjaron.es_museos-y-monumentos-768x614.jpg 768w, https:\/\/www.hotelespanalanjaron.es\/wp-content\/uploads\/2016\/08\/pruebas.hotelespanalanjaron.es_museos-y-monumentos-1200x960.jpg 1200w\" sizes=\"auto, (max-width: 760px) 100vw, 760px\" \/><\/p>\n<p>&nbsp;<\/p>\n<p>Las rutas de las ermitas, pilares y hornacinas\u2026<\/p>\n<p><img loading=\"lazy\" decoding=\"async\" class=\"alignnone size-medium wp-image-624\" src=\"https:\/\/www.hotelespanalanjaron.es\/wp-content\/uploads\/2016\/08\/pruebas.hotelespanalanjaron.es_pilares-y-hornacinas-760x608.jpg\" alt=\"Pilares y Hornacinas Lanjar\u00f3n\" width=\"760\" height=\"608\" srcset=\"https:\/\/www.hotelespanalanjaron.es\/wp-content\/uploads\/2016\/08\/pruebas.hotelespanalanjaron.es_pilares-y-hornacinas-760x608.jpg 760w, https:\/\/www.hotelespanalanjaron.es\/wp-content\/uploads\/2016\/08\/pruebas.hotelespanalanjaron.es_pilares-y-hornacinas-768x614.jpg 768w, https:\/\/www.hotelespanalanjaron.es\/wp-content\/uploads\/2016\/08\/pruebas.hotelespanalanjaron.es_pilares-y-hornacinas-1200x960.jpg 1200w\" sizes=\"auto, (max-width: 760px) 100vw, 760px\" \/><\/p>\n<p>&nbsp;<\/p>\n<p>Paisajes y monta\u00f1as\u2026<\/p>\n<p>&nbsp;<\/p>\n","protected":false},"excerpt":{"rendered":"<p>Conoce Lanjar\u00f3n &nbsp; Su historia En el siglo XII los primeros habitantes del pueblo construyeron sus casas en tres barrios, Zenete, Azocaque y Aceituno, un Castillo erigido en un emplazamiento inmejorable y el antiguo Puente de Tablate, que era el \u00fanico paso existente para llegar a Lanjar\u00f3n y la Alpujarra. Durante siglos la vida de [&hellip;]<\/p>\n","protected":false},"author":1,"featured_media":0,"parent":0,"menu_order":0,"comment_status":"closed","ping_status":"closed","template":"","meta":{"footnotes":""},"class_list":["post-718","page","type-page","status-publish","hentry"],"acf":[],"yoast_head":"<!-- This site is optimized with the Yoast SEO plugin v20.6 - https:\/\/yoast.com\/wordpress\/plugins\/seo\/ -->\n<title>Sobre Lanjar\u00f3n - Hotel Espa\u00f1a Balc\u00f3n de Lorca<\/title>\n<meta name=\"robots\" content=\"index, follow, max-snippet:-1, max-image-preview:large, max-video-preview:-1\" \/>\n<link rel=\"canonical\" href=\"https:\/\/www.hotelespanalanjaron.es\/en\/sobre-lanjaron\/\" \/>\n<meta property=\"og:locale\" content=\"en_US\" \/>\n<meta property=\"og:type\" content=\"article\" \/>\n<meta property=\"og:title\" content=\"Sobre Lanjar\u00f3n - Hotel Espa\u00f1a Balc\u00f3n de Lorca\" \/>\n<meta property=\"og:description\" content=\"Conoce Lanjar\u00f3n &nbsp; Su historia En el siglo XII los primeros habitantes del pueblo construyeron sus casas en tres barrios, Zenete, Azocaque y Aceituno, un Castillo erigido en un emplazamiento inmejorable y el antiguo Puente de Tablate, que era el \u00fanico paso existente para llegar a Lanjar\u00f3n y la Alpujarra. Durante siglos la vida de [&hellip;]\" \/>\n<meta property=\"og:url\" content=\"https:\/\/www.hotelespanalanjaron.es\/en\/sobre-lanjaron\/\" \/>\n<meta property=\"og:site_name\" content=\"Hotel Espa\u00f1a Balc\u00f3n de Lorca\" \/>\n<meta property=\"og:image\" content=\"https:\/\/www.hotelespanalanjaron.es\/wp-content\/uploads\/2016\/08\/1-4-760x608.jpg\" \/>\n<meta name=\"twitter:card\" content=\"summary_large_image\" \/>\n<meta name=\"twitter:label1\" content=\"Est. reading time\" \/>\n\t<meta name=\"twitter:data1\" content=\"3 minutes\" \/>\n<script type=\"application\/ld+json\" class=\"yoast-schema-graph\">{\"@context\":\"https:\/\/schema.org\",\"@graph\":[{\"@type\":\"WebPage\",\"@id\":\"https:\/\/www.hotelespanalanjaron.es\/en\/sobre-lanjaron\/\",\"url\":\"https:\/\/www.hotelespanalanjaron.es\/en\/sobre-lanjaron\/\",\"name\":\"Sobre Lanjar\u00f3n - Hotel Espa\u00f1a Balc\u00f3n de Lorca\",\"isPartOf\":{\"@id\":\"https:\/\/www.hotelespanalanjaron.es\/#website\"},\"datePublished\":\"2016-08-03T09:19:50+00:00\",\"dateModified\":\"2016-08-03T09:19:50+00:00\",\"breadcrumb\":{\"@id\":\"https:\/\/www.hotelespanalanjaron.es\/en\/sobre-lanjaron\/#breadcrumb\"},\"inLanguage\":\"en-US\",\"potentialAction\":[{\"@type\":\"ReadAction\",\"target\":[\"https:\/\/www.hotelespanalanjaron.es\/en\/sobre-lanjaron\/\"]}]},{\"@type\":\"BreadcrumbList\",\"@id\":\"https:\/\/www.hotelespanalanjaron.es\/en\/sobre-lanjaron\/#breadcrumb\",\"itemListElement\":[{\"@type\":\"ListItem\",\"position\":1,\"name\":\"\",\"item\":\"https:\/\/www.hotelespanalanjaron.es\/en\/\"},{\"@type\":\"ListItem\",\"position\":2,\"name\":\"Sobre Lanjar\u00f3n\"}]},{\"@type\":\"WebSite\",\"@id\":\"https:\/\/www.hotelespanalanjaron.es\/#website\",\"url\":\"https:\/\/www.hotelespanalanjaron.es\/\",\"name\":\"Hotel Espa\u00f1a Balc\u00f3n de Lorca\",\"description\":\"Hotel y Restaurante en Lanjar\u00f3n (Granada)\",\"potentialAction\":[{\"@type\":\"SearchAction\",\"target\":{\"@type\":\"EntryPoint\",\"urlTemplate\":\"https:\/\/www.hotelespanalanjaron.es\/?s={search_term_string}\"},\"query-input\":\"required name=search_term_string\"}],\"inLanguage\":\"en-US\"}]}<\/script>\n<!-- \/ Yoast SEO plugin. -->","yoast_head_json":{"title":"Sobre Lanjar\u00f3n - Hotel Espa\u00f1a Balc\u00f3n de Lorca","robots":{"index":"index","follow":"follow","max-snippet":"max-snippet:-1","max-image-preview":"max-image-preview:large","max-video-preview":"max-video-preview:-1"},"canonical":"https:\/\/www.hotelespanalanjaron.es\/en\/sobre-lanjaron\/","og_locale":"en_US","og_type":"article","og_title":"Sobre Lanjar\u00f3n - Hotel Espa\u00f1a Balc\u00f3n de Lorca","og_description":"Conoce Lanjar\u00f3n &nbsp; Su historia En el siglo XII los primeros habitantes del pueblo construyeron sus casas en tres barrios, Zenete, Azocaque y Aceituno, un Castillo erigido en un emplazamiento inmejorable y el antiguo Puente de Tablate, que era el \u00fanico paso existente para llegar a Lanjar\u00f3n y la Alpujarra. Durante siglos la vida de [&hellip;]","og_url":"https:\/\/www.hotelespanalanjaron.es\/en\/sobre-lanjaron\/","og_site_name":"Hotel Espa\u00f1a Balc\u00f3n de Lorca","og_image":[{"url":"https:\/\/www.hotelespanalanjaron.es\/wp-content\/uploads\/2016\/08\/1-4-760x608.jpg"}],"twitter_card":"summary_large_image","twitter_misc":{"Est. reading time":"3 minutes"},"schema":{"@context":"https:\/\/schema.org","@graph":[{"@type":"WebPage","@id":"https:\/\/www.hotelespanalanjaron.es\/en\/sobre-lanjaron\/","url":"https:\/\/www.hotelespanalanjaron.es\/en\/sobre-lanjaron\/","name":"Sobre Lanjar\u00f3n - Hotel Espa\u00f1a Balc\u00f3n de Lorca","isPartOf":{"@id":"https:\/\/www.hotelespanalanjaron.es\/#website"},"datePublished":"2016-08-03T09:19:50+00:00","dateModified":"2016-08-03T09:19:50+00:00","breadcrumb":{"@id":"https:\/\/www.hotelespanalanjaron.es\/en\/sobre-lanjaron\/#breadcrumb"},"inLanguage":"en-US","potentialAction":[{"@type":"ReadAction","target":["https:\/\/www.hotelespanalanjaron.es\/en\/sobre-lanjaron\/"]}]},{"@type":"BreadcrumbList","@id":"https:\/\/www.hotelespanalanjaron.es\/en\/sobre-lanjaron\/#breadcrumb","itemListElement":[{"@type":"ListItem","position":1,"name":"","item":"https:\/\/www.hotelespanalanjaron.es\/en\/"},{"@type":"ListItem","position":2,"name":"Sobre Lanjar\u00f3n"}]},{"@type":"WebSite","@id":"https:\/\/www.hotelespanalanjaron.es\/#website","url":"https:\/\/www.hotelespanalanjaron.es\/","name":"Hotel Espa\u00f1a Balc\u00f3n de Lorca","description":"Hotel y Restaurante en Lanjar\u00f3n (Granada)","potentialAction":[{"@type":"SearchAction","target":{"@type":"EntryPoint","urlTemplate":"https:\/\/www.hotelespanalanjaron.es\/?s={search_term_string}"},"query-input":"required name=search_term_string"}],"inLanguage":"en-US"}]}},"_links":{"self":[{"href":"https:\/\/www.hotelespanalanjaron.es\/en\/wp-json\/wp\/v2\/pages\/718","targetHints":{"allow":["GET"]}}],"collection":[{"href":"https:\/\/www.hotelespanalanjaron.es\/en\/wp-json\/wp\/v2\/pages"}],"about":[{"href":"https:\/\/www.hotelespanalanjaron.es\/en\/wp-json\/wp\/v2\/types\/page"}],"author":[{"embeddable":true,"href":"https:\/\/www.hotelespanalanjaron.es\/en\/wp-json\/wp\/v2\/users\/1"}],"replies":[{"embeddable":true,"href":"https:\/\/www.hotelespanalanjaron.es\/en\/wp-json\/wp\/v2\/comments?post=718"}],"version-history":[{"count":0,"href":"https:\/\/www.hotelespanalanjaron.es\/en\/wp-json\/wp\/v2\/pages\/718\/revisions"}],"wp:attachment":[{"href":"https:\/\/www.hotelespanalanjaron.es\/en\/wp-json\/wp\/v2\/media?parent=718"}],"curies":[{"name":"wp","href":"https:\/\/api.w.org\/{rel}","templated":true}]}}