{"id":723,"date":"2016-09-26T12:03:39","date_gmt":"2016-09-26T12:03:39","guid":{"rendered":"http:\/\/www.hotelespanalanjaron.es\/en\/una-historia-centenaria\/"},"modified":"2017-02-17T10:52:42","modified_gmt":"2017-02-17T10:52:42","slug":"una-historia-centenaria","status":"publish","type":"page","link":"https:\/\/www.hotelespanalanjaron.es\/en\/the-hotel\/una-historia-centenaria\/","title":{"rendered":"A century-long history"},"content":{"rendered":"<p><strong><span class=\"fsize-1-8\" style=\"color: #800000;\">A century-long history<\/span><br \/>\n<\/strong><\/p>\n<p>The\u00a0<strong>Hotel Espa\u00f1a in Lanjar\u00f3n<\/strong>\u00a0has all the character and charm of its 100 years of history. It has been a meeting place for many famous people since 1917, the year the hotel opened. We are proud to have been the hotel of choice of the\u00a0<strong>Federico Garc\u00eda Lorca fa mily\u00a0<\/strong>who\u00a0<strong>holidayed\u00a0<\/strong>there for more than a decade as well as being a romantic refuge for the bullfighter\u00a0Manolete and his girlfriend Lupe Sino.<\/p>\n<p>After more 100 years of offering hospitality, the hotel now combines an armosphere of &#8220;old world&#8221; charm with the comforts and services expected of a modern hotel. It includes a\u00a0<a href=\"https:\/\/www.hotelespanalanjaron.es\/el-restaurante-cafe-bar\/\">Bar &#8211; Restaurant<\/a>, a swimming pool and gardens, 33 rooms, terraces as well as facilities for hosting events and celebrations.<\/p>\n<p>Situated in Lanjar\u00f3n only 50 metres from the\u00a0<strong>Balneario de Lanjar\u00f3n<\/strong>\u00a0and close to the\u00a0<strong>Sierra Nevada National Park<\/strong>, in an environment of spectacular natural beauty. It\u00b4s only a half hour drive from Granada, the\u00a0<strong>Alpujarras<\/strong>\u00a0 and the\u00a0<strong>&#8220;Costa Tropical&#8221;<\/strong>.<\/p>\n<p>Staff are happy to help\u00a0<strong>organise interesting excursions<\/strong>\u00a0to neighbouring spots including the \u00a0<a href=\"http:\/\/www.bodegacuatrovientos.es\/\">&#8221; Cuatro Vientos Winery<\/a>&#8221; \u00a0, in the heart of the Alpujarras, the\u00a0<strong>Witches circuit in\u00a0Soportujar<\/strong>, \u00a0the\u00a0<strong>Honey Museum<\/strong>, the\u00a0<strong>Water Museum<\/strong>, \u00a0and many more as well as adventure sports and guided treks, etc.<\/p>\n<style type='text\/css'>\n\t\t\t#gallery-1 {\n\t\t\t\tmargin: auto;\n\t\t\t}\n\t\t\t#gallery-1 .gallery-item {\n\t\t\t\tmargin-bottom: 10px;\n\t\t\t}\n\t\t\t#gallery-1 img {\n\t\t\t\tborder: 2px solid #cfcfcf;\n\t\t\t}\n\t\t\t#gallery-1 .gallery-caption {\n\t\t\t\tmargin-left: 0;\n\t\t\t}\n\t\t<\/style>\n<p>\t\t<!-- see gallery_shortcode() in wp-includes\/media.php --><\/p>\n<div id='' class='row galeria'>\n<dl class='gallery-item col-mov-6 col-tab-3 col-desk-3'>\n<dt class='gallery-icon'>\n\t\t\t<a href=\"https:\/\/www.hotelespanalanjaron.es\/wp-content\/uploads\/2016\/09\/una-historia-centenaria-1.jpg\" title=\"una-historia-centenaria-1\"  aria-hidden=\"true\" role=\"presentation\" data-gallery><img loading=\"lazy\" decoding=\"async\" width=\"150\" height=\"150\" src=\"https:\/\/www.hotelespanalanjaron.es\/wp-content\/uploads\/2016\/09\/una-historia-centenaria-1-150x150.jpg\" class=\"attachment-thumbnail size-thumbnail\" alt=\"\" role=\"presentation\" srcset=\"https:\/\/www.hotelespanalanjaron.es\/wp-content\/uploads\/2016\/09\/una-historia-centenaria-1-150x150.jpg 150w, https:\/\/www.hotelespanalanjaron.es\/wp-content\/uploads\/2016\/09\/una-historia-centenaria-1-350x350.jpg 350w\" sizes=\"auto, (max-width: 150px) 100vw, 150px\" \/><\/a>\n\t\t<\/dt>\n<\/dl>\n<dl class='gallery-item col-mov-6 col-tab-3 col-desk-3'>\n<dt class='gallery-icon'>\n\t\t\t<a href=\"https:\/\/www.hotelespanalanjaron.es\/wp-content\/uploads\/2016\/09\/una-historia-centenaria-2.jpg\" title=\"una-historia-centenaria-2\"  aria-hidden=\"true\" role=\"presentation\" data-gallery><img loading=\"lazy\" decoding=\"async\" width=\"150\" height=\"150\" src=\"https:\/\/www.hotelespanalanjaron.es\/wp-content\/uploads\/2016\/09\/una-historia-centenaria-2-150x150.jpg\" class=\"attachment-thumbnail size-thumbnail\" alt=\"\" role=\"presentation\" srcset=\"https:\/\/www.hotelespanalanjaron.es\/wp-content\/uploads\/2016\/09\/una-historia-centenaria-2-150x150.jpg 150w, https:\/\/www.hotelespanalanjaron.es\/wp-content\/uploads\/2016\/09\/una-historia-centenaria-2-350x350.jpg 350w\" sizes=\"auto, (max-width: 150px) 100vw, 150px\" \/><\/a>\n\t\t<\/dt>\n<\/dl>\n<dl class='gallery-item col-mov-6 col-tab-3 col-desk-3'>\n<dt class='gallery-icon'>\n\t\t\t<a href=\"https:\/\/www.hotelespanalanjaron.es\/wp-content\/uploads\/2016\/09\/una-historia-centenaria-3.jpg\" title=\"una-historia-centenaria-3\"  aria-hidden=\"true\" role=\"presentation\" data-gallery><img loading=\"lazy\" decoding=\"async\" width=\"150\" height=\"150\" src=\"https:\/\/www.hotelespanalanjaron.es\/wp-content\/uploads\/2016\/09\/una-historia-centenaria-3-150x150.jpg\" class=\"attachment-thumbnail size-thumbnail\" alt=\"\" role=\"presentation\" srcset=\"https:\/\/www.hotelespanalanjaron.es\/wp-content\/uploads\/2016\/09\/una-historia-centenaria-3-150x150.jpg 150w, https:\/\/www.hotelespanalanjaron.es\/wp-content\/uploads\/2016\/09\/una-historia-centenaria-3-350x350.jpg 350w\" sizes=\"auto, (max-width: 150px) 100vw, 150px\" \/><\/a>\n\t\t<\/dt>\n<\/dl>\n<dl class='gallery-item col-mov-6 col-tab-3 col-desk-3'>\n<dt class='gallery-icon'>\n\t\t\t<a href=\"https:\/\/www.hotelespanalanjaron.es\/wp-content\/uploads\/2016\/09\/una-historia-centenaria-4.jpg\" title=\"una-historia-centenaria-4\"  aria-hidden=\"true\" role=\"presentation\" data-gallery><img loading=\"lazy\" decoding=\"async\" width=\"150\" height=\"150\" src=\"https:\/\/www.hotelespanalanjaron.es\/wp-content\/uploads\/2016\/09\/una-historia-centenaria-4-150x150.jpg\" class=\"attachment-thumbnail size-thumbnail\" alt=\"\" role=\"presentation\" srcset=\"https:\/\/www.hotelespanalanjaron.es\/wp-content\/uploads\/2016\/09\/una-historia-centenaria-4-150x150.jpg 150w, https:\/\/www.hotelespanalanjaron.es\/wp-content\/uploads\/2016\/09\/una-historia-centenaria-4-350x350.jpg 350w\" sizes=\"auto, (max-width: 150px) 100vw, 150px\" \/><\/a>\n\t\t<\/dt>\n<\/dl>\n<dl class='gallery-item col-mov-6 col-tab-3 col-desk-3'>\n<dt class='gallery-icon'>\n\t\t\t<a href=\"https:\/\/www.hotelespanalanjaron.es\/wp-content\/uploads\/2016\/09\/una-historia-centenaria-5.jpg\" title=\"una-historia-centenaria-5\"  aria-hidden=\"true\" role=\"presentation\" data-gallery><img loading=\"lazy\" decoding=\"async\" width=\"150\" height=\"150\" src=\"https:\/\/www.hotelespanalanjaron.es\/wp-content\/uploads\/2016\/09\/una-historia-centenaria-5-150x150.jpg\" class=\"attachment-thumbnail size-thumbnail\" alt=\"\" role=\"presentation\" srcset=\"https:\/\/www.hotelespanalanjaron.es\/wp-content\/uploads\/2016\/09\/una-historia-centenaria-5-150x150.jpg 150w, https:\/\/www.hotelespanalanjaron.es\/wp-content\/uploads\/2016\/09\/una-historia-centenaria-5-350x350.jpg 350w\" sizes=\"auto, (max-width: 150px) 100vw, 150px\" \/><\/a>\n\t\t<\/dt>\n<\/dl>\n<dl class='gallery-item col-mov-6 col-tab-3 col-desk-3'>\n<dt class='gallery-icon'>\n\t\t\t<a href=\"https:\/\/www.hotelespanalanjaron.es\/wp-content\/uploads\/2016\/09\/una-historia-centenaria-6.jpg\" title=\"una-historia-centenaria-6\"  aria-hidden=\"true\" role=\"presentation\" data-gallery><img loading=\"lazy\" decoding=\"async\" width=\"150\" height=\"150\" src=\"https:\/\/www.hotelespanalanjaron.es\/wp-content\/uploads\/2016\/09\/una-historia-centenaria-6-150x150.jpg\" class=\"attachment-thumbnail size-thumbnail\" alt=\"\" role=\"presentation\" srcset=\"https:\/\/www.hotelespanalanjaron.es\/wp-content\/uploads\/2016\/09\/una-historia-centenaria-6-150x150.jpg 150w, https:\/\/www.hotelespanalanjaron.es\/wp-content\/uploads\/2016\/09\/una-historia-centenaria-6-350x350.jpg 350w\" sizes=\"auto, (max-width: 150px) 100vw, 150px\" \/><\/a>\n\t\t<\/dt>\n<\/dl>\n<dl class='gallery-item col-mov-6 col-tab-3 col-desk-3'>\n<dt class='gallery-icon'>\n\t\t\t<a href=\"https:\/\/www.hotelespanalanjaron.es\/wp-content\/uploads\/2016\/09\/una-historia-centenaria-7.jpg\" title=\"una-historia-centenaria-7\"  aria-hidden=\"true\" role=\"presentation\" data-gallery><img loading=\"lazy\" decoding=\"async\" width=\"150\" height=\"150\" src=\"https:\/\/www.hotelespanalanjaron.es\/wp-content\/uploads\/2016\/09\/una-historia-centenaria-7-150x150.jpg\" class=\"attachment-thumbnail size-thumbnail\" alt=\"\" role=\"presentation\" srcset=\"https:\/\/www.hotelespanalanjaron.es\/wp-content\/uploads\/2016\/09\/una-historia-centenaria-7-150x150.jpg 150w, https:\/\/www.hotelespanalanjaron.es\/wp-content\/uploads\/2016\/09\/una-historia-centenaria-7-350x350.jpg 350w\" sizes=\"auto, (max-width: 150px) 100vw, 150px\" \/><\/a>\n\t\t<\/dt>\n<\/dl>\n<dl class='gallery-item col-mov-6 col-tab-3 col-desk-3'>\n<dt class='gallery-icon'>\n\t\t\t<a href=\"https:\/\/www.hotelespanalanjaron.es\/wp-content\/uploads\/2016\/09\/una-historia-centenaria-8.jpg\" title=\"una-historia-centenaria-8\"  aria-hidden=\"true\" role=\"presentation\" data-gallery><img loading=\"lazy\" decoding=\"async\" width=\"150\" height=\"150\" src=\"https:\/\/www.hotelespanalanjaron.es\/wp-content\/uploads\/2016\/09\/una-historia-centenaria-8-150x150.jpg\" class=\"attachment-thumbnail size-thumbnail\" alt=\"\" role=\"presentation\" srcset=\"https:\/\/www.hotelespanalanjaron.es\/wp-content\/uploads\/2016\/09\/una-historia-centenaria-8-150x150.jpg 150w, https:\/\/www.hotelespanalanjaron.es\/wp-content\/uploads\/2016\/09\/una-historia-centenaria-8-350x350.jpg 350w\" sizes=\"auto, (max-width: 150px) 100vw, 150px\" \/><\/a>\n\t\t<\/dt>\n<\/dl>\n<\/div>\n<p>&nbsp;<\/p>\n<p style=\"text-align: center;\"><a class=\"button button--principal button--borde-interior\" href=\"\/?page_id=29\"><i class=\"fa fa-calendar\"><\/i> Reservar<\/a><\/p>\n<p style=\"text-align: center;\">\n","protected":false},"excerpt":{"rendered":"<p>A century-long history The\u00a0Hotel Espa\u00f1a in Lanjar\u00f3n\u00a0has all the character and charm of its 100 years of history. It has been a meeting place for many famous people since 1917, the year the hotel opened. We are proud to have been the hotel of choice of the\u00a0Federico Garc\u00eda Lorca fa mily\u00a0who\u00a0holidayed\u00a0there for more than a [&hellip;]<\/p>\n","protected":false},"author":1,"featured_media":0,"parent":748,"menu_order":0,"comment_status":"closed","ping_status":"closed","template":"","meta":{"footnotes":""},"class_list":["post-723","page","type-page","status-publish","hentry"],"acf":[],"yoast_head":"<!-- This site is optimized with the Yoast SEO plugin v20.6 - https:\/\/yoast.com\/wordpress\/plugins\/seo\/ -->\n<title>A century-long history - Hotel Espa\u00f1a Balc\u00f3n de Lorca<\/title>\n<meta name=\"description\" content=\"El Hotel Espa\u00f1a en la Alpujarra tiene m\u00e1s de un siglo de historia. Lugar de encuentro de numerosas personalidades desde 1917, a\u00f1o en que se inaugur\u00f3\" \/>\n<meta name=\"robots\" content=\"index, follow, max-snippet:-1, max-image-preview:large, max-video-preview:-1\" \/>\n<link rel=\"canonical\" href=\"https:\/\/www.hotelespanalanjaron.es\/en\/the-hotel\/una-historia-centenaria\/\" \/>\n<meta property=\"og:locale\" content=\"en_US\" \/>\n<meta property=\"og:type\" content=\"article\" \/>\n<meta property=\"og:title\" content=\"A century-long history - Hotel Espa\u00f1a Balc\u00f3n de Lorca\" \/>\n<meta property=\"og:description\" content=\"El Hotel Espa\u00f1a en la Alpujarra tiene m\u00e1s de un siglo de historia. Lugar de encuentro de numerosas personalidades desde 1917, a\u00f1o en que se inaugur\u00f3\" \/>\n<meta property=\"og:url\" content=\"https:\/\/www.hotelespanalanjaron.es\/en\/the-hotel\/una-historia-centenaria\/\" \/>\n<meta property=\"og:site_name\" content=\"Hotel Espa\u00f1a Balc\u00f3n de Lorca\" \/>\n<meta property=\"article:modified_time\" content=\"2017-02-17T10:52:42+00:00\" \/>\n<meta property=\"og:image\" content=\"https:\/\/www.hotelespanalanjaron.es\/wp-content\/uploads\/2016\/09\/una-historia-centenaria-1-150x150.jpg\" \/>\n<meta name=\"twitter:card\" content=\"summary_large_image\" \/>\n<meta name=\"twitter:label1\" content=\"Est. reading time\" \/>\n\t<meta name=\"twitter:data1\" content=\"1 minute\" \/>\n<script type=\"application\/ld+json\" class=\"yoast-schema-graph\">{\"@context\":\"https:\/\/schema.org\",\"@graph\":[{\"@type\":\"WebPage\",\"@id\":\"https:\/\/www.hotelespanalanjaron.es\/en\/the-hotel\/una-historia-centenaria\/\",\"url\":\"https:\/\/www.hotelespanalanjaron.es\/en\/the-hotel\/una-historia-centenaria\/\",\"name\":\"A century-long history - Hotel Espa\u00f1a Balc\u00f3n de Lorca\",\"isPartOf\":{\"@id\":\"https:\/\/www.hotelespanalanjaron.es\/#website\"},\"datePublished\":\"2016-09-26T12:03:39+00:00\",\"dateModified\":\"2017-02-17T10:52:42+00:00\",\"description\":\"El Hotel Espa\u00f1a en la Alpujarra tiene m\u00e1s de un siglo de historia. Lugar de encuentro de numerosas personalidades desde 1917, a\u00f1o en que se inaugur\u00f3\",\"breadcrumb\":{\"@id\":\"https:\/\/www.hotelespanalanjaron.es\/en\/the-hotel\/una-historia-centenaria\/#breadcrumb\"},\"inLanguage\":\"en-US\",\"potentialAction\":[{\"@type\":\"ReadAction\",\"target\":[\"https:\/\/www.hotelespanalanjaron.es\/en\/the-hotel\/una-historia-centenaria\/\"]}]},{\"@type\":\"BreadcrumbList\",\"@id\":\"https:\/\/www.hotelespanalanjaron.es\/en\/the-hotel\/una-historia-centenaria\/#breadcrumb\",\"itemListElement\":[{\"@type\":\"ListItem\",\"position\":1,\"name\":\"\",\"item\":\"https:\/\/www.hotelespanalanjaron.es\/en\/\"},{\"@type\":\"ListItem\",\"position\":2,\"name\":\"The Hotel\",\"item\":\"https:\/\/www.hotelespanalanjaron.es\/en\/the-hotel\/\"},{\"@type\":\"ListItem\",\"position\":3,\"name\":\"A century-long history\"}]},{\"@type\":\"WebSite\",\"@id\":\"https:\/\/www.hotelespanalanjaron.es\/#website\",\"url\":\"https:\/\/www.hotelespanalanjaron.es\/\",\"name\":\"Hotel Espa\u00f1a Balc\u00f3n de Lorca\",\"description\":\"Hotel y Restaurante en Lanjar\u00f3n (Granada)\",\"potentialAction\":[{\"@type\":\"SearchAction\",\"target\":{\"@type\":\"EntryPoint\",\"urlTemplate\":\"https:\/\/www.hotelespanalanjaron.es\/?s={search_term_string}\"},\"query-input\":\"required name=search_term_string\"}],\"inLanguage\":\"en-US\"}]}<\/script>\n<!-- \/ Yoast SEO plugin. -->","yoast_head_json":{"title":"A century-long history - Hotel Espa\u00f1a Balc\u00f3n de Lorca","description":"El Hotel Espa\u00f1a en la Alpujarra tiene m\u00e1s de un siglo de historia. Lugar de encuentro de numerosas personalidades desde 1917, a\u00f1o en que se inaugur\u00f3","robots":{"index":"index","follow":"follow","max-snippet":"max-snippet:-1","max-image-preview":"max-image-preview:large","max-video-preview":"max-video-preview:-1"},"canonical":"https:\/\/www.hotelespanalanjaron.es\/en\/the-hotel\/una-historia-centenaria\/","og_locale":"en_US","og_type":"article","og_title":"A century-long history - Hotel Espa\u00f1a Balc\u00f3n de Lorca","og_description":"El Hotel Espa\u00f1a en la Alpujarra tiene m\u00e1s de un siglo de historia. Lugar de encuentro de numerosas personalidades desde 1917, a\u00f1o en que se inaugur\u00f3","og_url":"https:\/\/www.hotelespanalanjaron.es\/en\/the-hotel\/una-historia-centenaria\/","og_site_name":"Hotel Espa\u00f1a Balc\u00f3n de Lorca","article_modified_time":"2017-02-17T10:52:42+00:00","og_image":[{"url":"https:\/\/www.hotelespanalanjaron.es\/wp-content\/uploads\/2016\/09\/una-historia-centenaria-1-150x150.jpg"}],"twitter_card":"summary_large_image","twitter_misc":{"Est. reading time":"1 minute"},"schema":{"@context":"https:\/\/schema.org","@graph":[{"@type":"WebPage","@id":"https:\/\/www.hotelespanalanjaron.es\/en\/the-hotel\/una-historia-centenaria\/","url":"https:\/\/www.hotelespanalanjaron.es\/en\/the-hotel\/una-historia-centenaria\/","name":"A century-long history - Hotel Espa\u00f1a Balc\u00f3n de Lorca","isPartOf":{"@id":"https:\/\/www.hotelespanalanjaron.es\/#website"},"datePublished":"2016-09-26T12:03:39+00:00","dateModified":"2017-02-17T10:52:42+00:00","description":"El Hotel Espa\u00f1a en la Alpujarra tiene m\u00e1s de un siglo de historia. Lugar de encuentro de numerosas personalidades desde 1917, a\u00f1o en que se inaugur\u00f3","breadcrumb":{"@id":"https:\/\/www.hotelespanalanjaron.es\/en\/the-hotel\/una-historia-centenaria\/#breadcrumb"},"inLanguage":"en-US","potentialAction":[{"@type":"ReadAction","target":["https:\/\/www.hotelespanalanjaron.es\/en\/the-hotel\/una-historia-centenaria\/"]}]},{"@type":"BreadcrumbList","@id":"https:\/\/www.hotelespanalanjaron.es\/en\/the-hotel\/una-historia-centenaria\/#breadcrumb","itemListElement":[{"@type":"ListItem","position":1,"name":"","item":"https:\/\/www.hotelespanalanjaron.es\/en\/"},{"@type":"ListItem","position":2,"name":"The Hotel","item":"https:\/\/www.hotelespanalanjaron.es\/en\/the-hotel\/"},{"@type":"ListItem","position":3,"name":"A century-long history"}]},{"@type":"WebSite","@id":"https:\/\/www.hotelespanalanjaron.es\/#website","url":"https:\/\/www.hotelespanalanjaron.es\/","name":"Hotel Espa\u00f1a Balc\u00f3n de Lorca","description":"Hotel y Restaurante en Lanjar\u00f3n (Granada)","potentialAction":[{"@type":"SearchAction","target":{"@type":"EntryPoint","urlTemplate":"https:\/\/www.hotelespanalanjaron.es\/?s={search_term_string}"},"query-input":"required name=search_term_string"}],"inLanguage":"en-US"}]}},"_links":{"self":[{"href":"https:\/\/www.hotelespanalanjaron.es\/en\/wp-json\/wp\/v2\/pages\/723","targetHints":{"allow":["GET"]}}],"collection":[{"href":"https:\/\/www.hotelespanalanjaron.es\/en\/wp-json\/wp\/v2\/pages"}],"about":[{"href":"https:\/\/www.hotelespanalanjaron.es\/en\/wp-json\/wp\/v2\/types\/page"}],"author":[{"embeddable":true,"href":"https:\/\/www.hotelespanalanjaron.es\/en\/wp-json\/wp\/v2\/users\/1"}],"replies":[{"embeddable":true,"href":"https:\/\/www.hotelespanalanjaron.es\/en\/wp-json\/wp\/v2\/comments?post=723"}],"version-history":[{"count":5,"href":"https:\/\/www.hotelespanalanjaron.es\/en\/wp-json\/wp\/v2\/pages\/723\/revisions"}],"predecessor-version":[{"id":731,"href":"https:\/\/www.hotelespanalanjaron.es\/en\/wp-json\/wp\/v2\/pages\/723\/revisions\/731"}],"up":[{"embeddable":true,"href":"https:\/\/www.hotelespanalanjaron.es\/en\/wp-json\/wp\/v2\/pages\/748"}],"wp:attachment":[{"href":"https:\/\/www.hotelespanalanjaron.es\/en\/wp-json\/wp\/v2\/media?parent=723"}],"curies":[{"name":"wp","href":"https:\/\/api.w.org\/{rel}","templated":true}]}}