{"id":735,"date":"2016-08-03T09:19:50","date_gmt":"2016-08-03T09:19:50","guid":{"rendered":"http:\/\/www.hotelespanalanjaron.es\/en\/el-restaurante-cafe-bar\/"},"modified":"2017-02-23T13:13:28","modified_gmt":"2017-02-23T13:13:28","slug":"restaurant-balcon-garcia-lorca","status":"publish","type":"page","link":"https:\/\/www.hotelespanalanjaron.es\/en\/restaurant-balcon-garcia-lorca\/","title":{"rendered":"Restaurant &#8220;Balc\u00f3n Garc\u00eda Lorca&#8221;"},"content":{"rendered":"<h1>The Restaurant Caf\u00e9-Bar<\/h1>\n<p>Next to the old piano where <strong>Federico Garc\u00eda Lorca and Manuel de Falla<\/strong>\u00a0shared evenings of music and poetry our guest can now enjoy and sample the <strong>gastronomy of Granada<\/strong>. \u00a0Our \u00a0<a href=\"https:\/\/www.hotelespanalanjaron.es\/en\/carta\/\">menu<\/a>\u00a0includes a wide variety of both modern and traditional dishes for example, the typical and succulent <strong>Alpujarran dish,<\/strong> exquisite <strong>monkfish cooked Andalusian-Arabic style<\/strong> or a <strong>sirloin cooked with honey and rosemary<\/strong>. The hotel has an <strong>ample wine list<\/strong> as well as homemade delicious desrts.<\/p>\n<p>The decor including mirror and photos of the period in the Cafe-Bar recall the ambience of times past and bring to life those numerous guest who stayed there over the years. And guests today continue to come and enjoy our lively atmosphere and our tasty tapas and dishes.<\/p>\n<p>All the above is enveloped and <strong>steeped in an atmosphere of history<\/strong>. The antique furniture from the 1917 is combined with photos and documents of our more famous visitors like\u00a0Federico Garc\u00eda Lorca and his family, Manuel de Falla and the bullfighter \u00a0Manolete and his then girlfriend, Lupe Sino.<\/p>\n<h2>SpaceEl espacio<\/h2>\n<style type='text\/css'>\n\t\t\t#gallery-1 {\n\t\t\t\tmargin: auto;\n\t\t\t}\n\t\t\t#gallery-1 .gallery-item {\n\t\t\t\tmargin-bottom: 10px;\n\t\t\t}\n\t\t\t#gallery-1 img {\n\t\t\t\tborder: 2px solid #cfcfcf;\n\t\t\t}\n\t\t\t#gallery-1 .gallery-caption {\n\t\t\t\tmargin-left: 0;\n\t\t\t}\n\t\t<\/style>\n<p>\t\t<!-- see gallery_shortcode() in wp-includes\/media.php --><\/p>\n<div id='' class='row galeria'>\n<dl class='gallery-item col-mov-6 col-tab-4 col-desk-4'>\n<dt class='gallery-icon'>\n\t\t\t<a href=\"https:\/\/www.hotelespanalanjaron.es\/wp-content\/uploads\/2016\/08\/1.jpg\" title=\"1\"  aria-hidden=\"true\" role=\"presentation\" data-gallery><img loading=\"lazy\" decoding=\"async\" width=\"350\" height=\"350\" src=\"https:\/\/www.hotelespanalanjaron.es\/wp-content\/uploads\/2016\/08\/1-350x350.jpg\" class=\"attachment-thumbnail-big size-thumbnail-big\" alt=\"\" role=\"presentation\" srcset=\"https:\/\/www.hotelespanalanjaron.es\/wp-content\/uploads\/2016\/08\/1-350x350.jpg 350w, https:\/\/www.hotelespanalanjaron.es\/wp-content\/uploads\/2016\/08\/1-150x150.jpg 150w\" sizes=\"auto, (max-width: 350px) 100vw, 350px\" \/><\/a>\n\t\t<\/dt>\n<\/dl>\n<dl class='gallery-item col-mov-6 col-tab-4 col-desk-4'>\n<dt class='gallery-icon'>\n\t\t\t<a href=\"https:\/\/www.hotelespanalanjaron.es\/wp-content\/uploads\/2016\/08\/2.jpg\" title=\"2\"  aria-hidden=\"true\" role=\"presentation\" data-gallery><img loading=\"lazy\" decoding=\"async\" width=\"350\" height=\"350\" src=\"https:\/\/www.hotelespanalanjaron.es\/wp-content\/uploads\/2016\/08\/2-350x350.jpg\" class=\"attachment-thumbnail-big size-thumbnail-big\" alt=\"\" role=\"presentation\" srcset=\"https:\/\/www.hotelespanalanjaron.es\/wp-content\/uploads\/2016\/08\/2-350x350.jpg 350w, https:\/\/www.hotelespanalanjaron.es\/wp-content\/uploads\/2016\/08\/2-150x150.jpg 150w\" sizes=\"auto, (max-width: 350px) 100vw, 350px\" \/><\/a>\n\t\t<\/dt>\n<\/dl>\n<dl class='gallery-item col-mov-6 col-tab-4 col-desk-4'>\n<dt class='gallery-icon'>\n\t\t\t<a href=\"https:\/\/www.hotelespanalanjaron.es\/wp-content\/uploads\/2016\/08\/3-1.jpg\" title=\"3\"  aria-hidden=\"true\" role=\"presentation\" data-gallery><img loading=\"lazy\" decoding=\"async\" width=\"350\" height=\"350\" src=\"https:\/\/www.hotelespanalanjaron.es\/wp-content\/uploads\/2016\/08\/3-1-350x350.jpg\" class=\"attachment-thumbnail-big size-thumbnail-big\" alt=\"\" role=\"presentation\" srcset=\"https:\/\/www.hotelespanalanjaron.es\/wp-content\/uploads\/2016\/08\/3-1-350x350.jpg 350w, https:\/\/www.hotelespanalanjaron.es\/wp-content\/uploads\/2016\/08\/3-1-150x150.jpg 150w\" sizes=\"auto, (max-width: 350px) 100vw, 350px\" \/><\/a>\n\t\t<\/dt>\n<\/dl>\n<dl class='gallery-item col-mov-6 col-tab-4 col-desk-4'>\n<dt class='gallery-icon'>\n\t\t\t<a href=\"https:\/\/www.hotelespanalanjaron.es\/wp-content\/uploads\/2016\/08\/4.jpg\" title=\"4\"  aria-hidden=\"true\" role=\"presentation\" data-gallery><img loading=\"lazy\" decoding=\"async\" width=\"350\" height=\"350\" src=\"https:\/\/www.hotelespanalanjaron.es\/wp-content\/uploads\/2016\/08\/4-350x350.jpg\" class=\"attachment-thumbnail-big size-thumbnail-big\" alt=\"\" role=\"presentation\" srcset=\"https:\/\/www.hotelespanalanjaron.es\/wp-content\/uploads\/2016\/08\/4-350x350.jpg 350w, https:\/\/www.hotelespanalanjaron.es\/wp-content\/uploads\/2016\/08\/4-150x150.jpg 150w\" sizes=\"auto, (max-width: 350px) 100vw, 350px\" \/><\/a>\n\t\t<\/dt>\n<\/dl>\n<dl class='gallery-item col-mov-6 col-tab-4 col-desk-4'>\n<dt class='gallery-icon'>\n\t\t\t<a href=\"https:\/\/www.hotelespanalanjaron.es\/wp-content\/uploads\/2016\/08\/5.jpg\" title=\"5\"  aria-hidden=\"true\" role=\"presentation\" data-gallery><img loading=\"lazy\" decoding=\"async\" width=\"350\" height=\"350\" src=\"https:\/\/www.hotelespanalanjaron.es\/wp-content\/uploads\/2016\/08\/5-350x350.jpg\" class=\"attachment-thumbnail-big size-thumbnail-big\" alt=\"\" role=\"presentation\" srcset=\"https:\/\/www.hotelespanalanjaron.es\/wp-content\/uploads\/2016\/08\/5-350x350.jpg 350w, https:\/\/www.hotelespanalanjaron.es\/wp-content\/uploads\/2016\/08\/5-150x150.jpg 150w\" sizes=\"auto, (max-width: 350px) 100vw, 350px\" \/><\/a>\n\t\t<\/dt>\n<\/dl>\n<dl class='gallery-item col-mov-6 col-tab-4 col-desk-4'>\n<dt class='gallery-icon'>\n\t\t\t<a href=\"https:\/\/www.hotelespanalanjaron.es\/wp-content\/uploads\/2016\/08\/6.jpg\" title=\"6\"  aria-hidden=\"true\" role=\"presentation\" data-gallery><img loading=\"lazy\" decoding=\"async\" width=\"350\" height=\"350\" src=\"https:\/\/www.hotelespanalanjaron.es\/wp-content\/uploads\/2016\/08\/6-350x350.jpg\" class=\"attachment-thumbnail-big size-thumbnail-big\" alt=\"\" role=\"presentation\" srcset=\"https:\/\/www.hotelespanalanjaron.es\/wp-content\/uploads\/2016\/08\/6-350x350.jpg 350w, https:\/\/www.hotelespanalanjaron.es\/wp-content\/uploads\/2016\/08\/6-150x150.jpg 150w\" sizes=\"auto, (max-width: 350px) 100vw, 350px\" \/><\/a>\n\t\t<\/dt>\n<\/dl>\n<dl class='gallery-item col-mov-6 col-tab-4 col-desk-4'>\n<dt class='gallery-icon'>\n\t\t\t<a href=\"https:\/\/www.hotelespanalanjaron.es\/wp-content\/uploads\/2016\/08\/7.jpg\" title=\"7\"  aria-hidden=\"true\" role=\"presentation\" data-gallery><img loading=\"lazy\" decoding=\"async\" width=\"350\" height=\"350\" src=\"https:\/\/www.hotelespanalanjaron.es\/wp-content\/uploads\/2016\/08\/7-350x350.jpg\" class=\"attachment-thumbnail-big size-thumbnail-big\" alt=\"\" role=\"presentation\" srcset=\"https:\/\/www.hotelespanalanjaron.es\/wp-content\/uploads\/2016\/08\/7-350x350.jpg 350w, https:\/\/www.hotelespanalanjaron.es\/wp-content\/uploads\/2016\/08\/7-150x150.jpg 150w\" sizes=\"auto, (max-width: 350px) 100vw, 350px\" \/><\/a>\n\t\t<\/dt>\n<\/dl>\n<dl class='gallery-item col-mov-6 col-tab-4 col-desk-4'>\n<dt class='gallery-icon'>\n\t\t\t<a href=\"https:\/\/www.hotelespanalanjaron.es\/wp-content\/uploads\/2016\/08\/8.jpg\" title=\"8\"  aria-hidden=\"true\" role=\"presentation\" data-gallery><img loading=\"lazy\" decoding=\"async\" width=\"350\" height=\"350\" src=\"https:\/\/www.hotelespanalanjaron.es\/wp-content\/uploads\/2016\/08\/8-350x350.jpg\" class=\"attachment-thumbnail-big size-thumbnail-big\" alt=\"\" role=\"presentation\" srcset=\"https:\/\/www.hotelespanalanjaron.es\/wp-content\/uploads\/2016\/08\/8-350x350.jpg 350w, https:\/\/www.hotelespanalanjaron.es\/wp-content\/uploads\/2016\/08\/8-150x150.jpg 150w\" sizes=\"auto, (max-width: 350px) 100vw, 350px\" \/><\/a>\n\t\t<\/dt>\n<\/dl>\n<dl class='gallery-item col-mov-6 col-tab-4 col-desk-4'>\n<dt class='gallery-icon'>\n\t\t\t<a href=\"https:\/\/www.hotelespanalanjaron.es\/wp-content\/uploads\/2016\/08\/9.jpg\" title=\"9\"  aria-hidden=\"true\" role=\"presentation\" data-gallery><img loading=\"lazy\" decoding=\"async\" width=\"350\" height=\"350\" src=\"https:\/\/www.hotelespanalanjaron.es\/wp-content\/uploads\/2016\/08\/9-350x350.jpg\" class=\"attachment-thumbnail-big size-thumbnail-big\" alt=\"\" role=\"presentation\" srcset=\"https:\/\/www.hotelespanalanjaron.es\/wp-content\/uploads\/2016\/08\/9-350x350.jpg 350w, https:\/\/www.hotelespanalanjaron.es\/wp-content\/uploads\/2016\/08\/9-150x150.jpg 150w\" sizes=\"auto, (max-width: 350px) 100vw, 350px\" \/><\/a>\n\t\t<\/dt>\n<\/dl>\n<\/div>\n<h2>What to eat in our Restaurant<\/h2>\n<p>You can consult our <a href=\"https:\/\/www.hotelespanalanjaron.es\/en\/carta\/\">letter<\/a>\u00a0or open appetite with the following photos:<\/p>\n<style type='text\/css'>\n\t\t\t#gallery-2 {\n\t\t\t\tmargin: auto;\n\t\t\t}\n\t\t\t#gallery-2 .gallery-item {\n\t\t\t\tmargin-bottom: 10px;\n\t\t\t}\n\t\t\t#gallery-2 img {\n\t\t\t\tborder: 2px solid #cfcfcf;\n\t\t\t}\n\t\t\t#gallery-2 .gallery-caption {\n\t\t\t\tmargin-left: 0;\n\t\t\t}\n\t\t<\/style>\n<p>\t\t<!-- see gallery_shortcode() in wp-includes\/media.php --><\/p>\n<div id='' class='row galeria'>\n<dl class='gallery-item col-mov-6 col-tab-3 col-desk-3'>\n<dt class='gallery-icon'>\n\t\t\t<a href=\"https:\/\/www.hotelespanalanjaron.es\/wp-content\/uploads\/2016\/08\/1-1.jpg\" title=\"1\"  aria-hidden=\"true\" role=\"presentation\" data-gallery><img loading=\"lazy\" decoding=\"async\" width=\"350\" height=\"350\" src=\"https:\/\/www.hotelespanalanjaron.es\/wp-content\/uploads\/2016\/08\/1-1-350x350.jpg\" class=\"attachment-thumbnail-big size-thumbnail-big\" alt=\"\" role=\"presentation\" srcset=\"https:\/\/www.hotelespanalanjaron.es\/wp-content\/uploads\/2016\/08\/1-1-350x350.jpg 350w, https:\/\/www.hotelespanalanjaron.es\/wp-content\/uploads\/2016\/08\/1-1-150x150.jpg 150w\" sizes=\"auto, (max-width: 350px) 100vw, 350px\" \/><\/a>\n\t\t<\/dt>\n<\/dl>\n<dl class='gallery-item col-mov-6 col-tab-3 col-desk-3'>\n<dt class='gallery-icon'>\n\t\t\t<a href=\"https:\/\/www.hotelespanalanjaron.es\/wp-content\/uploads\/2016\/08\/2-1.jpg\" title=\"2\"  aria-hidden=\"true\" role=\"presentation\" data-gallery><img loading=\"lazy\" decoding=\"async\" width=\"350\" height=\"350\" src=\"https:\/\/www.hotelespanalanjaron.es\/wp-content\/uploads\/2016\/08\/2-1-350x350.jpg\" class=\"attachment-thumbnail-big size-thumbnail-big\" alt=\"\" role=\"presentation\" srcset=\"https:\/\/www.hotelespanalanjaron.es\/wp-content\/uploads\/2016\/08\/2-1-350x350.jpg 350w, https:\/\/www.hotelespanalanjaron.es\/wp-content\/uploads\/2016\/08\/2-1-150x150.jpg 150w\" sizes=\"auto, (max-width: 350px) 100vw, 350px\" \/><\/a>\n\t\t<\/dt>\n<\/dl>\n<dl class='gallery-item col-mov-6 col-tab-3 col-desk-3'>\n<dt class='gallery-icon'>\n\t\t\t<a href=\"https:\/\/www.hotelespanalanjaron.es\/wp-content\/uploads\/2016\/08\/3-2.jpg\" title=\"3\"  aria-hidden=\"true\" role=\"presentation\" data-gallery><img loading=\"lazy\" decoding=\"async\" width=\"350\" height=\"350\" src=\"https:\/\/www.hotelespanalanjaron.es\/wp-content\/uploads\/2016\/08\/3-2-350x350.jpg\" class=\"attachment-thumbnail-big size-thumbnail-big\" alt=\"\" role=\"presentation\" srcset=\"https:\/\/www.hotelespanalanjaron.es\/wp-content\/uploads\/2016\/08\/3-2-350x350.jpg 350w, https:\/\/www.hotelespanalanjaron.es\/wp-content\/uploads\/2016\/08\/3-2-150x150.jpg 150w, https:\/\/www.hotelespanalanjaron.es\/wp-content\/uploads\/2016\/08\/3-2-760x760.jpg 760w, https:\/\/www.hotelespanalanjaron.es\/wp-content\/uploads\/2016\/08\/3-2-768x768.jpg 768w, https:\/\/www.hotelespanalanjaron.es\/wp-content\/uploads\/2016\/08\/3-2.jpg 1024w\" sizes=\"auto, (max-width: 350px) 100vw, 350px\" \/><\/a>\n\t\t<\/dt>\n<\/dl>\n<dl class='gallery-item col-mov-6 col-tab-3 col-desk-3'>\n<dt class='gallery-icon'>\n\t\t\t<a href=\"https:\/\/www.hotelespanalanjaron.es\/wp-content\/uploads\/2016\/08\/4-1.jpg\" title=\"4\"  aria-hidden=\"true\" role=\"presentation\" data-gallery><img loading=\"lazy\" decoding=\"async\" width=\"350\" height=\"350\" src=\"https:\/\/www.hotelespanalanjaron.es\/wp-content\/uploads\/2016\/08\/4-1-350x350.jpg\" class=\"attachment-thumbnail-big size-thumbnail-big\" alt=\"\" role=\"presentation\" srcset=\"https:\/\/www.hotelespanalanjaron.es\/wp-content\/uploads\/2016\/08\/4-1-350x350.jpg 350w, https:\/\/www.hotelespanalanjaron.es\/wp-content\/uploads\/2016\/08\/4-1-150x150.jpg 150w\" sizes=\"auto, (max-width: 350px) 100vw, 350px\" \/><\/a>\n\t\t<\/dt>\n<\/dl>\n<dl class='gallery-item col-mov-6 col-tab-3 col-desk-3'>\n<dt class='gallery-icon'>\n\t\t\t<a href=\"https:\/\/www.hotelespanalanjaron.es\/wp-content\/uploads\/2016\/08\/5-1.jpg\" title=\"5\"  aria-hidden=\"true\" role=\"presentation\" data-gallery><img loading=\"lazy\" decoding=\"async\" width=\"350\" height=\"350\" src=\"https:\/\/www.hotelespanalanjaron.es\/wp-content\/uploads\/2016\/08\/5-1-350x350.jpg\" class=\"attachment-thumbnail-big size-thumbnail-big\" alt=\"\" role=\"presentation\" srcset=\"https:\/\/www.hotelespanalanjaron.es\/wp-content\/uploads\/2016\/08\/5-1-350x350.jpg 350w, https:\/\/www.hotelespanalanjaron.es\/wp-content\/uploads\/2016\/08\/5-1-150x150.jpg 150w\" sizes=\"auto, (max-width: 350px) 100vw, 350px\" \/><\/a>\n\t\t<\/dt>\n<\/dl>\n<dl class='gallery-item col-mov-6 col-tab-3 col-desk-3'>\n<dt class='gallery-icon'>\n\t\t\t<a href=\"https:\/\/www.hotelespanalanjaron.es\/wp-content\/uploads\/2016\/08\/6-A.jpg\" title=\"6-a\"  aria-hidden=\"true\" role=\"presentation\" data-gallery><img loading=\"lazy\" decoding=\"async\" width=\"350\" height=\"350\" src=\"https:\/\/www.hotelespanalanjaron.es\/wp-content\/uploads\/2016\/08\/6-A-350x350.jpg\" class=\"attachment-thumbnail-big size-thumbnail-big\" alt=\"\" role=\"presentation\" srcset=\"https:\/\/www.hotelespanalanjaron.es\/wp-content\/uploads\/2016\/08\/6-A-350x350.jpg 350w, https:\/\/www.hotelespanalanjaron.es\/wp-content\/uploads\/2016\/08\/6-A-150x150.jpg 150w\" sizes=\"auto, (max-width: 350px) 100vw, 350px\" \/><\/a>\n\t\t<\/dt>\n<\/dl>\n<dl class='gallery-item col-mov-6 col-tab-3 col-desk-3'>\n<dt class='gallery-icon'>\n\t\t\t<a href=\"https:\/\/www.hotelespanalanjaron.es\/wp-content\/uploads\/2016\/08\/6-B.jpg\" title=\"6-b\"  aria-hidden=\"true\" role=\"presentation\" data-gallery><img loading=\"lazy\" decoding=\"async\" width=\"350\" height=\"350\" src=\"https:\/\/www.hotelespanalanjaron.es\/wp-content\/uploads\/2016\/08\/6-B-350x350.jpg\" class=\"attachment-thumbnail-big size-thumbnail-big\" alt=\"\" role=\"presentation\" srcset=\"https:\/\/www.hotelespanalanjaron.es\/wp-content\/uploads\/2016\/08\/6-B-350x350.jpg 350w, https:\/\/www.hotelespanalanjaron.es\/wp-content\/uploads\/2016\/08\/6-B-150x150.jpg 150w\" sizes=\"auto, (max-width: 350px) 100vw, 350px\" \/><\/a>\n\t\t<\/dt>\n<\/dl>\n<dl class='gallery-item col-mov-6 col-tab-3 col-desk-3'>\n<dt class='gallery-icon'>\n\t\t\t<a href=\"https:\/\/www.hotelespanalanjaron.es\/wp-content\/uploads\/2016\/08\/7-1.jpg\" title=\"7\"  aria-hidden=\"true\" role=\"presentation\" data-gallery><img loading=\"lazy\" decoding=\"async\" width=\"350\" height=\"350\" src=\"https:\/\/www.hotelespanalanjaron.es\/wp-content\/uploads\/2016\/08\/7-1-350x350.jpg\" class=\"attachment-thumbnail-big size-thumbnail-big\" alt=\"\" role=\"presentation\" srcset=\"https:\/\/www.hotelespanalanjaron.es\/wp-content\/uploads\/2016\/08\/7-1-350x350.jpg 350w, https:\/\/www.hotelespanalanjaron.es\/wp-content\/uploads\/2016\/08\/7-1-150x150.jpg 150w\" sizes=\"auto, (max-width: 350px) 100vw, 350px\" \/><\/a>\n\t\t<\/dt>\n<\/dl>\n<dl class='gallery-item col-mov-6 col-tab-3 col-desk-3'>\n<dt class='gallery-icon'>\n\t\t\t<a href=\"https:\/\/www.hotelespanalanjaron.es\/wp-content\/uploads\/2016\/08\/8-1.jpg\" title=\"8\"  aria-hidden=\"true\" role=\"presentation\" data-gallery><img loading=\"lazy\" decoding=\"async\" width=\"350\" height=\"350\" src=\"https:\/\/www.hotelespanalanjaron.es\/wp-content\/uploads\/2016\/08\/8-1-350x350.jpg\" class=\"attachment-thumbnail-big size-thumbnail-big\" alt=\"\" role=\"presentation\" srcset=\"https:\/\/www.hotelespanalanjaron.es\/wp-content\/uploads\/2016\/08\/8-1-350x350.jpg 350w, https:\/\/www.hotelespanalanjaron.es\/wp-content\/uploads\/2016\/08\/8-1-150x150.jpg 150w\" sizes=\"auto, (max-width: 350px) 100vw, 350px\" \/><\/a>\n\t\t<\/dt>\n<\/dl>\n<dl class='gallery-item col-mov-6 col-tab-3 col-desk-3'>\n<dt class='gallery-icon'>\n\t\t\t<a href=\"https:\/\/www.hotelespanalanjaron.es\/wp-content\/uploads\/2016\/08\/10.jpg\" title=\"10\"  aria-hidden=\"true\" role=\"presentation\" data-gallery><img loading=\"lazy\" decoding=\"async\" width=\"350\" height=\"350\" src=\"https:\/\/www.hotelespanalanjaron.es\/wp-content\/uploads\/2016\/08\/10-350x350.jpg\" class=\"attachment-thumbnail-big size-thumbnail-big\" alt=\"\" role=\"presentation\" srcset=\"https:\/\/www.hotelespanalanjaron.es\/wp-content\/uploads\/2016\/08\/10-350x350.jpg 350w, https:\/\/www.hotelespanalanjaron.es\/wp-content\/uploads\/2016\/08\/10-150x150.jpg 150w\" sizes=\"auto, (max-width: 350px) 100vw, 350px\" \/><\/a>\n\t\t<\/dt>\n<\/dl>\n<dl class='gallery-item col-mov-6 col-tab-3 col-desk-3'>\n<dt class='gallery-icon'>\n\t\t\t<a href=\"https:\/\/www.hotelespanalanjaron.es\/wp-content\/uploads\/2016\/08\/11.jpg\" title=\"11\"  aria-hidden=\"true\" role=\"presentation\" data-gallery><img loading=\"lazy\" decoding=\"async\" width=\"350\" height=\"350\" src=\"https:\/\/www.hotelespanalanjaron.es\/wp-content\/uploads\/2016\/08\/11-350x350.jpg\" class=\"attachment-thumbnail-big size-thumbnail-big\" alt=\"\" role=\"presentation\" srcset=\"https:\/\/www.hotelespanalanjaron.es\/wp-content\/uploads\/2016\/08\/11-350x350.jpg 350w, https:\/\/www.hotelespanalanjaron.es\/wp-content\/uploads\/2016\/08\/11-150x150.jpg 150w\" sizes=\"auto, (max-width: 350px) 100vw, 350px\" \/><\/a>\n\t\t<\/dt>\n<\/dl>\n<dl class='gallery-item col-mov-6 col-tab-3 col-desk-3'>\n<dt class='gallery-icon'>\n\t\t\t<a href=\"https:\/\/www.hotelespanalanjaron.es\/wp-content\/uploads\/2016\/08\/12.jpg\" title=\"12\"  aria-hidden=\"true\" role=\"presentation\" data-gallery><img loading=\"lazy\" decoding=\"async\" width=\"350\" height=\"350\" src=\"https:\/\/www.hotelespanalanjaron.es\/wp-content\/uploads\/2016\/08\/12-350x350.jpg\" class=\"attachment-thumbnail-big size-thumbnail-big\" alt=\"\" role=\"presentation\" srcset=\"https:\/\/www.hotelespanalanjaron.es\/wp-content\/uploads\/2016\/08\/12-350x350.jpg 350w, https:\/\/www.hotelespanalanjaron.es\/wp-content\/uploads\/2016\/08\/12-150x150.jpg 150w\" sizes=\"auto, (max-width: 350px) 100vw, 350px\" \/><\/a>\n\t\t<\/dt>\n<\/dl>\n<\/div>\n<p>&nbsp;<\/p>\n<p style=\"text-align: center;\"><a class=\"button button--principal button--borde-interior\" href=\"\/?page_id=29\"><i class=\"fa fa-calendar\"><\/i> Reserve<\/a><\/p>\n<p style=\"text-align: center;\">\n","protected":false},"excerpt":{"rendered":"<p>Celebraci\u00f3n de eventos, comidas t\u00edpicas&#8230;<\/p>\n","protected":false},"author":1,"featured_media":674,"parent":0,"menu_order":0,"comment_status":"closed","ping_status":"closed","template":"","meta":{"footnotes":""},"class_list":["post-735","page","type-page","status-publish","has-post-thumbnail","hentry"],"acf":[],"yoast_head":"<!-- This site is optimized with the Yoast SEO plugin v20.6 - https:\/\/yoast.com\/wordpress\/plugins\/seo\/ -->\n<title>Restaurant &quot;Balc\u00f3n Garc\u00eda Lorca&quot; - Hotel Espa\u00f1a Balc\u00f3n de Lorca<\/title>\n<meta name=\"description\" content=\"Conoce el restaurante Balc\u00f3n de Lorca, junto al Hotel Espa\u00f1a en Lanjar\u00f3n, en la Alpujarra de Granada\" \/>\n<meta name=\"robots\" content=\"index, follow, max-snippet:-1, max-image-preview:large, max-video-preview:-1\" \/>\n<link rel=\"canonical\" href=\"https:\/\/www.hotelespanalanjaron.es\/en\/restaurant-balcon-garcia-lorca\/\" \/>\n<meta property=\"og:locale\" content=\"en_US\" \/>\n<meta property=\"og:type\" content=\"article\" \/>\n<meta property=\"og:title\" content=\"Restaurant &quot;Balc\u00f3n Garc\u00eda Lorca&quot; - Hotel Espa\u00f1a Balc\u00f3n de Lorca\" \/>\n<meta property=\"og:description\" content=\"Conoce el restaurante Balc\u00f3n de Lorca, junto al Hotel Espa\u00f1a en Lanjar\u00f3n, en la Alpujarra de Granada\" \/>\n<meta property=\"og:url\" content=\"https:\/\/www.hotelespanalanjaron.es\/en\/restaurant-balcon-garcia-lorca\/\" \/>\n<meta property=\"og:site_name\" content=\"Hotel Espa\u00f1a Balc\u00f3n de Lorca\" \/>\n<meta property=\"article:modified_time\" content=\"2017-02-23T13:13:28+00:00\" \/>\n<meta property=\"og:image\" content=\"https:\/\/www.hotelespanalanjaron.es\/wp-content\/uploads\/2016\/08\/el-restaurante.jpg\" \/>\n\t<meta property=\"og:image:width\" content=\"1308\" \/>\n\t<meta property=\"og:image:height\" content=\"980\" \/>\n\t<meta property=\"og:image:type\" content=\"image\/jpeg\" \/>\n<meta name=\"twitter:card\" content=\"summary_large_image\" \/>\n<meta name=\"twitter:label1\" content=\"Est. reading time\" \/>\n\t<meta name=\"twitter:data1\" content=\"1 minute\" \/>\n<script type=\"application\/ld+json\" class=\"yoast-schema-graph\">{\"@context\":\"https:\/\/schema.org\",\"@graph\":[{\"@type\":\"WebPage\",\"@id\":\"https:\/\/www.hotelespanalanjaron.es\/en\/restaurant-balcon-garcia-lorca\/\",\"url\":\"https:\/\/www.hotelespanalanjaron.es\/en\/restaurant-balcon-garcia-lorca\/\",\"name\":\"Restaurant \\\"Balc\u00f3n Garc\u00eda Lorca\\\" - Hotel Espa\u00f1a Balc\u00f3n de Lorca\",\"isPartOf\":{\"@id\":\"https:\/\/www.hotelespanalanjaron.es\/#website\"},\"datePublished\":\"2016-08-03T09:19:50+00:00\",\"dateModified\":\"2017-02-23T13:13:28+00:00\",\"description\":\"Conoce el restaurante Balc\u00f3n de Lorca, junto al Hotel Espa\u00f1a en Lanjar\u00f3n, en la Alpujarra de Granada\",\"breadcrumb\":{\"@id\":\"https:\/\/www.hotelespanalanjaron.es\/en\/restaurant-balcon-garcia-lorca\/#breadcrumb\"},\"inLanguage\":\"en-US\",\"potentialAction\":[{\"@type\":\"ReadAction\",\"target\":[\"https:\/\/www.hotelespanalanjaron.es\/en\/restaurant-balcon-garcia-lorca\/\"]}]},{\"@type\":\"BreadcrumbList\",\"@id\":\"https:\/\/www.hotelespanalanjaron.es\/en\/restaurant-balcon-garcia-lorca\/#breadcrumb\",\"itemListElement\":[{\"@type\":\"ListItem\",\"position\":1,\"name\":\"\",\"item\":\"https:\/\/www.hotelespanalanjaron.es\/en\/\"},{\"@type\":\"ListItem\",\"position\":2,\"name\":\"Restaurant &#8220;Balc\u00f3n Garc\u00eda Lorca&#8221;\"}]},{\"@type\":\"WebSite\",\"@id\":\"https:\/\/www.hotelespanalanjaron.es\/#website\",\"url\":\"https:\/\/www.hotelespanalanjaron.es\/\",\"name\":\"Hotel Espa\u00f1a Balc\u00f3n de Lorca\",\"description\":\"Hotel y Restaurante en Lanjar\u00f3n (Granada)\",\"potentialAction\":[{\"@type\":\"SearchAction\",\"target\":{\"@type\":\"EntryPoint\",\"urlTemplate\":\"https:\/\/www.hotelespanalanjaron.es\/?s={search_term_string}\"},\"query-input\":\"required name=search_term_string\"}],\"inLanguage\":\"en-US\"}]}<\/script>\n<!-- \/ Yoast SEO plugin. -->","yoast_head_json":{"title":"Restaurant \"Balc\u00f3n Garc\u00eda Lorca\" - Hotel Espa\u00f1a Balc\u00f3n de Lorca","description":"Conoce el restaurante Balc\u00f3n de Lorca, junto al Hotel Espa\u00f1a en Lanjar\u00f3n, en la Alpujarra de Granada","robots":{"index":"index","follow":"follow","max-snippet":"max-snippet:-1","max-image-preview":"max-image-preview:large","max-video-preview":"max-video-preview:-1"},"canonical":"https:\/\/www.hotelespanalanjaron.es\/en\/restaurant-balcon-garcia-lorca\/","og_locale":"en_US","og_type":"article","og_title":"Restaurant \"Balc\u00f3n Garc\u00eda Lorca\" - Hotel Espa\u00f1a Balc\u00f3n de Lorca","og_description":"Conoce el restaurante Balc\u00f3n de Lorca, junto al Hotel Espa\u00f1a en Lanjar\u00f3n, en la Alpujarra de Granada","og_url":"https:\/\/www.hotelespanalanjaron.es\/en\/restaurant-balcon-garcia-lorca\/","og_site_name":"Hotel Espa\u00f1a Balc\u00f3n de Lorca","article_modified_time":"2017-02-23T13:13:28+00:00","og_image":[{"width":1308,"height":980,"url":"https:\/\/www.hotelespanalanjaron.es\/wp-content\/uploads\/2016\/08\/el-restaurante.jpg","type":"image\/jpeg"}],"twitter_card":"summary_large_image","twitter_misc":{"Est. reading time":"1 minute"},"schema":{"@context":"https:\/\/schema.org","@graph":[{"@type":"WebPage","@id":"https:\/\/www.hotelespanalanjaron.es\/en\/restaurant-balcon-garcia-lorca\/","url":"https:\/\/www.hotelespanalanjaron.es\/en\/restaurant-balcon-garcia-lorca\/","name":"Restaurant \"Balc\u00f3n Garc\u00eda Lorca\" - Hotel Espa\u00f1a Balc\u00f3n de Lorca","isPartOf":{"@id":"https:\/\/www.hotelespanalanjaron.es\/#website"},"datePublished":"2016-08-03T09:19:50+00:00","dateModified":"2017-02-23T13:13:28+00:00","description":"Conoce el restaurante Balc\u00f3n de Lorca, junto al Hotel Espa\u00f1a en Lanjar\u00f3n, en la Alpujarra de Granada","breadcrumb":{"@id":"https:\/\/www.hotelespanalanjaron.es\/en\/restaurant-balcon-garcia-lorca\/#breadcrumb"},"inLanguage":"en-US","potentialAction":[{"@type":"ReadAction","target":["https:\/\/www.hotelespanalanjaron.es\/en\/restaurant-balcon-garcia-lorca\/"]}]},{"@type":"BreadcrumbList","@id":"https:\/\/www.hotelespanalanjaron.es\/en\/restaurant-balcon-garcia-lorca\/#breadcrumb","itemListElement":[{"@type":"ListItem","position":1,"name":"","item":"https:\/\/www.hotelespanalanjaron.es\/en\/"},{"@type":"ListItem","position":2,"name":"Restaurant &#8220;Balc\u00f3n Garc\u00eda Lorca&#8221;"}]},{"@type":"WebSite","@id":"https:\/\/www.hotelespanalanjaron.es\/#website","url":"https:\/\/www.hotelespanalanjaron.es\/","name":"Hotel Espa\u00f1a Balc\u00f3n de Lorca","description":"Hotel y Restaurante en Lanjar\u00f3n (Granada)","potentialAction":[{"@type":"SearchAction","target":{"@type":"EntryPoint","urlTemplate":"https:\/\/www.hotelespanalanjaron.es\/?s={search_term_string}"},"query-input":"required name=search_term_string"}],"inLanguage":"en-US"}]}},"_links":{"self":[{"href":"https:\/\/www.hotelespanalanjaron.es\/en\/wp-json\/wp\/v2\/pages\/735","targetHints":{"allow":["GET"]}}],"collection":[{"href":"https:\/\/www.hotelespanalanjaron.es\/en\/wp-json\/wp\/v2\/pages"}],"about":[{"href":"https:\/\/www.hotelespanalanjaron.es\/en\/wp-json\/wp\/v2\/types\/page"}],"author":[{"embeddable":true,"href":"https:\/\/www.hotelespanalanjaron.es\/en\/wp-json\/wp\/v2\/users\/1"}],"replies":[{"embeddable":true,"href":"https:\/\/www.hotelespanalanjaron.es\/en\/wp-json\/wp\/v2\/comments?post=735"}],"version-history":[{"count":6,"href":"https:\/\/www.hotelespanalanjaron.es\/en\/wp-json\/wp\/v2\/pages\/735\/revisions"}],"predecessor-version":[{"id":745,"href":"https:\/\/www.hotelespanalanjaron.es\/en\/wp-json\/wp\/v2\/pages\/735\/revisions\/745"}],"wp:featuredmedia":[{"embeddable":true,"href":"https:\/\/www.hotelespanalanjaron.es\/en\/wp-json\/wp\/v2\/media\/674"}],"wp:attachment":[{"href":"https:\/\/www.hotelespanalanjaron.es\/en\/wp-json\/wp\/v2\/media?parent=735"}],"curies":[{"name":"wp","href":"https:\/\/api.w.org\/{rel}","templated":true}]}}